{"id":4784,"date":"2020-01-03T15:29:41","date_gmt":"2020-01-03T21:29:41","guid":{"rendered":"https:\/\/orangetheoryfitnessmexico.com\/es-mx\/primera-vez-compra-online\/"},"modified":"2025-03-19T15:34:05","modified_gmt":"2025-03-19T15:34:05","slug":"primera-vez-compra-online","status":"publish","type":"page","link":"https:\/\/orangetheoryfitnessmexico.com\/es-mx\/primera-vez-compra-online\/","title":{"rendered":"Recomendaciones Para Firsttimers"},"content":{"rendered":"\n<h2 class=\"has-text-align-center wp-block-heading\"><strong>\u00bfEs tu primera vez comprando en l\u00ednea? <\/strong><br><strong>Est\u00e1s en el lugar indicado<\/strong>.<\/h2>\n\n\n\n<h4 class=\"has-text-align-center wp-block-heading\"><strong>Estos son los siguientes pasos:<\/strong><\/h4>\n\n\n\n<div style=\"height:21px\" aria-hidden=\"true\" class=\"wp-block-spacer\"><\/div>\n\n\n\n<p class=\"has-text-align-left\">Antes de iniciar, te presentamos nuevamente <a href=\"https:\/\/shop.orangetheoryfitnessmexico.com\/pages\/terminos-de-uso\">los t\u00e9rminos de uso (CLIC AQU\u00cd)<\/a>  que te enviamos al realizar tu compra, <a href=\"https:\/\/orangetheoryfitnessmexico.com\/es-mx\/recommends\/contrato-otf-2\/\" target=\"_blank\" rel=\"noreferrer noopener\">y el contrato (CLIC AQU\u00cd)  que vas a firmar<\/a> en tu primer sesi\u00f3n, estos tambi\u00e9n se encontraba en la casilla de verificaci\u00f3n antes de realizar la compra. <\/p>\n\n\n\n<h4 class=\"wp-block-heading\"><strong>Ahora nuestro equipo te contactar\u00e1 para:<\/strong><\/h4>\n\n\n\n<ol class=\"wp-block-list\"><li><strong>Elegir la mejor ubicaci\u00f3n de acuerdo a tus necesidades (si a\u00fan no la has elegido)<\/strong>.<\/li><li><strong>Coordinarse contigo y agendar tu primera sesi\u00f3n en el mejor horario disponible.<\/strong><\/li><\/ol>\n\n\n\n<p class=\"has-text-align-left\">Para tu comodidad tenemos un n\u00famero de WhatsApp para agilizar el proceso y agendar lo m\u00e1s pronto posible tu primer sesi\u00f3n. <\/p>\n\n\n\n<div class=\"wp-block-button aligncenter\"><a class=\"wp-block-button__link has-accent-background-color has-background\" href=\"https:\/\/wa.me\/5215581141916?text=Quiero%20agendar%20mi%20sesi\u00f3n\" target=\"blank\" rel=\"noopener noreferrer\">55-8114-1916<\/a><\/div>\n\n\n\n<h4 class=\"wp-block-heading\"><strong>DEBER\u00c1S CONSIDERAR LO SIGUIENTE EN TU PRIMER VISITA<\/strong><\/h4>\n\n\n\n<ol class=\"wp-block-list\"><li>Trae contigo la tarjeta de cr\u00e9dito con la que realizaste la compra (solamente en caso de ser membres\u00eda con cargos recurrentes).<\/li><li><strong><em>Te proporcionaremos un contrato y los t\u00e9rminos de uso impresos para que puedas firmarlos.<\/em><\/strong><\/li><li>Llega con media hora de antelaci\u00f3n.<\/li><li>Trae contigo agua y una toalla.<\/li><\/ol>\n\n\n\n<div style=\"height:26px\" aria-hidden=\"true\" class=\"wp-block-spacer\"><\/div>\n\n\n\n<h2 class=\"has-text-align-center wp-block-heading\">\u00a1Ahora est\u00e1s listo para tu primera sesi\u00f3n!<\/h2>\n\n\n\n<div style=\"height:71px\" aria-hidden=\"true\" class=\"wp-block-spacer\"><\/div>\n\n\n\n<div class=\"wp-block-columns alignwide is-layout-flex wp-container-core-columns-is-layout-28f84493 wp-block-columns-is-layout-flex\">\n<div class=\"wp-block-column is-layout-flow wp-block-column-is-layout-flow\">\n<h4 class=\"wp-block-heading\"><strong><em>TU PRIMERA SESI\u00d3N <\/em><\/strong><\/h4>\n\n\n\n<p>Probar un nuevo entrenamiento puede dar miedo. Pero desde el momento en el que entras en un studio de Orangetheory, te sentir\u00e1s a gusto. Despu\u00e9s de todo, el naranja es el color m\u00e1s feliz.<\/p>\n\n\n\n<p>Nuestro entrenamiento est\u00e1 dise\u00f1ado para todos los niveles. T\u00fa marcas el ritmo. Ya sea que quieras caminar, trotar, correr o andar en bicicleta, esta es tu hora. Y con nuestras pantallas de rendimiento sabr\u00e1s exactamente cuando esforzarte.<\/p>\n\n\n\n<div style=\"height:38px\" aria-hidden=\"true\" class=\"wp-block-spacer\"><\/div>\n\n\n\n<div class=\"wp-block-button\"><a class=\"wp-block-button__link has-accent-background-color has-background\" href=\"https:\/\/shop.orangetheoryfitnessmexico.com\/products\/try-a-class\">Try a class<\/a><\/div>\n<\/div>\n\n\n\n<div class=\"wp-block-column is-layout-flow wp-block-column-is-layout-flow\">\n<figure class=\"wp-block-embed is-type-video is-provider-youtube wp-block-embed-youtube wp-embed-aspect-16-9 wp-has-aspect-ratio\"><div class=\"wp-block-embed__wrapper\">\n<iframe title=\"What to Expect at Your First Orangetheory Fitness Class\" width=\"500\" height=\"281\" src=\"https:\/\/www.youtube.com\/embed\/PMgZQ-ptgSc?feature=oembed\" frameborder=\"0\" allow=\"accelerometer; autoplay; clipboard-write; encrypted-media; gyroscope; picture-in-picture; web-share\" referrerpolicy=\"strict-origin-when-cross-origin\" allowfullscreen><\/iframe>\n<\/div><\/figure>\n<\/div>\n<\/div>\n\n\n\n<hr class=\"wp-block-separator is-style-wide\"\/>\n\n\n\n<div class=\"wp-block-columns alignwide animated slideInUp is-layout-flex wp-container-core-columns-is-layout-28f84493 wp-block-columns-is-layout-flex\">\n<div class=\"wp-block-column is-layout-flow wp-block-column-is-layout-flow\" style=\"flex-basis:33.33%\">\n<h4 class=\"wp-block-heading\"><strong>\u00bfC\u00d3MO ME DEBO PREPARAR PARA MI PRIMERA SESI\u00d3N EN ORANGETHEORY?<\/strong><\/h4>\n\n\n\n<div class=\"wp-block-columns is-layout-flex wp-container-core-columns-is-layout-28f84493 wp-block-columns-is-layout-flex\">\n<div class=\"wp-block-column is-layout-flow wp-block-column-is-layout-flow\">\n<div class=\"wp-block-image\"><figure class=\"aligncenter size-large\"><img decoding=\"async\" src=\"https:\/\/orangetheoryfitnessmexico.com\/inicio\/wp-content\/uploads\/2020\/01\/icon-towel-1.svg\" alt=\"\" class=\"wp-image-4764\"\/><\/figure><\/div>\n\n\n\n<p class=\"has-text-align-center\"><strong>TRAE: TOALLA Y AGUA<\/strong><\/p>\n<\/div>\n\n\n\n<div class=\"wp-block-column is-layout-flow wp-block-column-is-layout-flow\">\n<div class=\"wp-block-image\"><figure class=\"aligncenter size-large\"><img decoding=\"async\" src=\"https:\/\/orangetheoryfitnessmexico.com\/inicio\/wp-content\/uploads\/2020\/01\/icon-afterburn-1.svg\" alt=\"\" class=\"wp-image-4765\"\/><\/figure><\/div>\n\n\n\n<p class=\"has-text-align-center\"><strong>LLEGA 30 MINUTOS ANTES<\/strong><\/p>\n<\/div>\n<\/div>\n\n\n\n<p>Bebe mucha agua durante todo el d\u00eda.<\/p>\n\n\n\n<p>Llega al menos 30 minutos antes de la hora de clase. Un miembro del equipo te preguntar\u00e1 acerca de tus objetivos de acondicionamiento f\u00edsico y sobre cualquier problema m\u00e9dico que debamos conocer.<\/p>\n\n\n\n<p>Despu\u00e9s de explicar c\u00f3mo funciona la clase, un coach te prestar\u00e1 un monitor de frecuencia card\u00edaca para que lo uses. Dependiendo de tu nivel de condici\u00f3n f\u00edsica, el entrenador te dar\u00e1 pautas sobre  c\u00f3mo dirigirte durante el entrenamiento.<\/p>\n\n\n\n<p><\/p>\n<\/div>\n\n\n\n<div class=\"wp-block-column is-layout-flow wp-block-column-is-layout-flow\" style=\"flex-basis:66.66%\">\n<figure class=\"wp-block-image size-large\"><img decoding=\"async\" src=\"https:\/\/orangetheoryfitnessmexico.com\/inicio\/wp-content\/uploads\/2020\/01\/PRIMERA-VEZ-OTF-MEXICO.jpg\" alt=\"\" class=\"wp-image-4763\"\/><\/figure>\n<\/div>\n<\/div>\n\n\n\n<div class=\"wp-block-columns alignwide animated slideInUp is-layout-flex wp-container-core-columns-is-layout-28f84493 wp-block-columns-is-layout-flex\">\n<div class=\"wp-block-column is-layout-flow wp-block-column-is-layout-flow\" style=\"flex-basis:66.66%\">\n<figure class=\"wp-block-image size-large\"><img decoding=\"async\" src=\"https:\/\/orangetheoryfitnessmexico.com\/inicio\/wp-content\/uploads\/2020\/01\/primerizos-2-orangetheory-fitness-mexico.jpg\" alt=\"\" class=\"wp-image-4768\"\/><\/figure>\n<\/div>\n\n\n\n<div class=\"wp-block-column is-layout-flow wp-block-column-is-layout-flow\" style=\"flex-basis:33.33%\">\n<h4 class=\"wp-block-heading\"><strong>DURANTE LA SESI\u00d3N<\/strong><\/h4>\n\n\n\n<div class=\"wp-block-image\"><figure class=\"aligncenter size-large\"><img decoding=\"async\" src=\"https:\/\/orangetheoryfitnessmexico.com\/inicio\/wp-content\/uploads\/2020\/01\/icon-during-class-orangetheory-fitness-mexico.svg\" alt=\"\" class=\"wp-image-4771\"\/><\/figure><\/div>\n\n\n\n<p class=\"has-text-align-center\"><strong>CAMINADORA, REMADORA Y ESTACI\u00d3N DE FUERZA<\/strong><\/p>\n\n\n\n<p>Comenzar\u00e1s en la caminadora, bicicleta o strider para la porci\u00f3n de cardio, o en el remo para la porci\u00f3n de entrenamiento de fuerza, que incluye ejercicios de piso con los sistemas TRX, bancos y pesas libres.<\/p>\n\n\n\n<p>El coach te explicar\u00e1 c\u00f3mo hacer cada ejercicio de piso, as\u00ed como la longitud del intervalo y la velocidad durante el ejercicio cardiovascular. \u00a1Aseg\u00farate de escuchar atentamente y no tengas miedo de hacer preguntas! Los coaches est\u00e1n aqu\u00ed para ayudarte e incluso pueden corregir  si es necesario.<\/p>\n<\/div>\n<\/div>\n\n\n\n<div class=\"wp-block-columns alignwide animated slideInUp is-layout-flex wp-container-core-columns-is-layout-28f84493 wp-block-columns-is-layout-flex\">\n<div class=\"wp-block-column is-layout-flow wp-block-column-is-layout-flow\" style=\"flex-basis:33.33%\">\n<h4 class=\"wp-block-heading\"><strong>DESPU\u00c9S<\/strong><\/h4>\n\n\n\n<div class=\"wp-block-image\"><figure class=\"aligncenter size-large\"><img decoding=\"async\" src=\"https:\/\/orangetheoryfitnessmexico.com\/inicio\/wp-content\/uploads\/2020\/01\/icon-after-otf-mexico.svg\" alt=\"\" class=\"wp-image-4775\"\/><\/figure><\/div>\n\n\n\n<p class=\"has-text-align-center\"><strong>RESULTADOS AL INSTANTE<\/strong><\/p>\n\n\n\n<p>El coach guiar\u00e1 la clase a trav\u00e9s de un tramo de enfriamiento. Despu\u00e9s de la clase, recibir\u00e1s un resumen del entrenamiento con tus resultados, que incluye el n\u00famero total de  &#8220;Splat Points&#8221; ganados, los minutos dedicados a cada zona de frecuencia card\u00edaca, las calor\u00edas quemadas y las estad\u00edsticas de frecuencia card\u00edaca. \u00a1Incluso puedes compartir tus estad\u00edsticas en las redes sociales!<\/p>\n<\/div>\n\n\n\n<div class=\"wp-block-column is-layout-flow wp-block-column-is-layout-flow\" style=\"flex-basis:66.66%\">\n<figure class=\"wp-block-image size-large\"><img decoding=\"async\" src=\"https:\/\/orangetheoryfitnessmexico.com\/inicio\/wp-content\/uploads\/2020\/01\/primera-vez-3-orangetheory-fitness-mexico.jpg\" alt=\"\" class=\"wp-image-4774\"\/><\/figure>\n<\/div>\n<\/div>\n\n\n\n<h3 class=\"has-text-align-center wp-block-heading\"><strong>\u00bfQu\u00e9 est\u00e1s esperando? Comienza tu camino hacia #MoreLife y reserva tu primera clase en Orangetheory Fitness.<\/strong><\/h3>\n\n\n\n<div style=\"height:60px\" aria-hidden=\"true\" class=\"wp-block-spacer\"><\/div>\n","protected":false},"excerpt":{"rendered":"<p>\u00bfEs tu primera vez comprando en l\u00ednea? Est\u00e1s en el lugar indicado. Estos son los siguientes pasos: Antes de iniciar, te presentamos nuevamente los t\u00e9rminos de uso (CLIC AQU\u00cd) que te enviamos al realizar tu compra, y el contrato (CLIC AQU\u00cd) que vas a firmar en tu primer sesi\u00f3n, estos tambi\u00e9n se encontraba en la [&hellip;]<\/p>\n","protected":false},"author":1,"featured_media":4289,"parent":0,"menu_order":0,"comment_status":"closed","ping_status":"closed","template":"","meta":{"content-type":"","site-sidebar-layout":"default","site-content-layout":"default","ast-site-content-layout":"default","site-content-style":"default","site-sidebar-style":"default","ast-global-header-display":"","ast-banner-title-visibility":"","ast-main-header-display":"","ast-hfb-above-header-display":"","ast-hfb-below-header-display":"","ast-hfb-mobile-header-display":"","site-post-title":"","ast-breadcrumbs-content":"","ast-featured-img":"","footer-sml-layout":"","ast-disable-related-posts":"","theme-transparent-header-meta":"disabled","adv-header-id-meta":"","stick-header-meta":"","header-above-stick-meta":"","header-main-stick-meta":"","header-below-stick-meta":"","astra-migrate-meta-layouts":"set","ast-page-background-enabled":"default","ast-page-background-meta":{"desktop":{"background-color":"var(--ast-global-color-4)","background-image":"","background-repeat":"repeat","background-position":"center center","background-size":"auto","background-attachment":"scroll","background-type":"","background-media":"","overlay-type":"","overlay-color":"","overlay-opacity":"","overlay-gradient":""},"tablet":{"background-color":"","background-image":"","background-repeat":"repeat","background-position":"center center","background-size":"auto","background-attachment":"scroll","background-type":"","background-media":"","overlay-type":"","overlay-color":"","overlay-opacity":"","overlay-gradient":""},"mobile":{"background-color":"","background-image":"","background-repeat":"repeat","background-position":"center center","background-size":"auto","background-attachment":"scroll","background-type":"","background-media":"","overlay-type":"","overlay-color":"","overlay-opacity":"","overlay-gradient":""}},"ast-content-background-meta":{"desktop":{"background-color":"var(--ast-global-color-5)","background-image":"","background-repeat":"repeat","background-position":"center center","background-size":"auto","background-attachment":"scroll","background-type":"","background-media":"","overlay-type":"","overlay-color":"","overlay-opacity":"","overlay-gradient":""},"tablet":{"background-color":"var(--ast-global-color-5)","background-image":"","background-repeat":"repeat","background-position":"center center","background-size":"auto","background-attachment":"scroll","background-type":"","background-media":"","overlay-type":"","overlay-color":"","overlay-opacity":"","overlay-gradient":""},"mobile":{"background-color":"var(--ast-global-color-5)","background-image":"","background-repeat":"repeat","background-position":"center center","background-size":"auto","background-attachment":"scroll","background-type":"","background-media":"","overlay-type":"","overlay-color":"","overlay-opacity":"","overlay-gradient":""}},"footnotes":""},"class_list":["post-4784","page","type-page","status-publish","has-post-thumbnail","hentry"],"yoast_head":"<!-- This site is optimized with the Yoast SEO plugin v27.3 - https:\/\/yoast.com\/product\/yoast-seo-wordpress\/ -->\n<title>Recomendaciones Para Firsttimers - Orangetheory Fitness M&eacute;xico<\/title>\n<meta name=\"description\" content=\"Probar un nuevo entrenamiento puede dar miedo. Pero desde el momento en que entras en un estudio de Orangetheory, te sentir\u00e1s a gusto.\" \/>\n<meta name=\"robots\" content=\"index, follow, max-snippet:-1, max-image-preview:large, max-video-preview:-1\" \/>\n<link rel=\"canonical\" href=\"https:\/\/orangetheoryfitnessmexico.com\/es-mx\/primera-vez-compra-online\/\" \/>\n<meta property=\"og:locale\" content=\"es_ES\" \/>\n<meta property=\"og:type\" content=\"article\" \/>\n<meta property=\"og:title\" content=\"Recomendaciones Para Firsttimers - Orangetheory Fitness M&eacute;xico\" \/>\n<meta property=\"og:description\" content=\"Probar un nuevo entrenamiento puede dar miedo. Pero desde el momento en que entras en un estudio de Orangetheory, te sentir\u00e1s a gusto.\" \/>\n<meta property=\"og:url\" content=\"https:\/\/orangetheoryfitnessmexico.com\/es-mx\/primera-vez-compra-online\/\" \/>\n<meta property=\"og:site_name\" content=\"Orangetheory Fitness M&eacute;xico\" \/>\n<meta property=\"article:modified_time\" content=\"2025-03-19T15:34:05+00:00\" \/>\n<meta name=\"twitter:card\" content=\"summary_large_image\" \/>\n<meta name=\"twitter:label1\" content=\"Tiempo de lectura\" \/>\n\t<meta name=\"twitter:data1\" content=\"4 minutos\" \/>\n<script type=\"application\/ld+json\" class=\"yoast-schema-graph\">{\"@context\":\"https:\\\/\\\/schema.org\",\"@graph\":[{\"@type\":\"WebPage\",\"@id\":\"https:\\\/\\\/orangetheoryfitnessmexico.com\\\/es-mx\\\/primera-vez-compra-online\\\/\",\"url\":\"https:\\\/\\\/orangetheoryfitnessmexico.com\\\/es-mx\\\/primera-vez-compra-online\\\/\",\"name\":\"Recomendaciones Para Firsttimers - Orangetheory Fitness M&eacute;xico\",\"isPartOf\":{\"@id\":\"https:\\\/\\\/orangetheoryfitnessmexico.com\\\/es-mx\\\/#website\"},\"primaryImageOfPage\":{\"@id\":\"https:\\\/\\\/orangetheoryfitnessmexico.com\\\/es-mx\\\/primera-vez-compra-online\\\/#primaryimage\"},\"image\":{\"@id\":\"https:\\\/\\\/orangetheoryfitnessmexico.com\\\/es-mx\\\/primera-vez-compra-online\\\/#primaryimage\"},\"thumbnailUrl\":\"\",\"datePublished\":\"2020-01-03T21:29:41+00:00\",\"dateModified\":\"2025-03-19T15:34:05+00:00\",\"description\":\"Probar un nuevo entrenamiento puede dar miedo. Pero desde el momento en que entras en un estudio de Orangetheory, te sentir\u00e1s a gusto.\",\"breadcrumb\":{\"@id\":\"https:\\\/\\\/orangetheoryfitnessmexico.com\\\/es-mx\\\/primera-vez-compra-online\\\/#breadcrumb\"},\"inLanguage\":\"es\",\"potentialAction\":[{\"@type\":\"ReadAction\",\"target\":[\"https:\\\/\\\/orangetheoryfitnessmexico.com\\\/es-mx\\\/primera-vez-compra-online\\\/\"]}]},{\"@type\":\"ImageObject\",\"inLanguage\":\"es\",\"@id\":\"https:\\\/\\\/orangetheoryfitnessmexico.com\\\/es-mx\\\/primera-vez-compra-online\\\/#primaryimage\",\"url\":\"\",\"contentUrl\":\"\"},{\"@type\":\"BreadcrumbList\",\"@id\":\"https:\\\/\\\/orangetheoryfitnessmexico.com\\\/es-mx\\\/primera-vez-compra-online\\\/#breadcrumb\",\"itemListElement\":[{\"@type\":\"ListItem\",\"position\":1,\"name\":\"Portada\",\"item\":\"https:\\\/\\\/orangetheoryfitnessmexico.com\\\/es-mx\\\/\"},{\"@type\":\"ListItem\",\"position\":2,\"name\":\"Recomendaciones Para Firsttimers\"}]},{\"@type\":\"WebSite\",\"@id\":\"https:\\\/\\\/orangetheoryfitnessmexico.com\\\/es-mx\\\/#website\",\"url\":\"https:\\\/\\\/orangetheoryfitnessmexico.com\\\/es-mx\\\/\",\"name\":\"Orangetheory Fitness M&eacute;xico\",\"description\":\"El &uacute;nico entrenamiento que combina ciencia, coaching y tecnolog&iacute;a\",\"publisher\":{\"@id\":\"https:\\\/\\\/orangetheoryfitnessmexico.com\\\/es-mx\\\/#organization\"},\"potentialAction\":[{\"@type\":\"SearchAction\",\"target\":{\"@type\":\"EntryPoint\",\"urlTemplate\":\"https:\\\/\\\/orangetheoryfitnessmexico.com\\\/es-mx\\\/?s={search_term_string}\"},\"query-input\":{\"@type\":\"PropertyValueSpecification\",\"valueRequired\":true,\"valueName\":\"search_term_string\"}}],\"inLanguage\":\"es\"},{\"@type\":\"Organization\",\"@id\":\"https:\\\/\\\/orangetheoryfitnessmexico.com\\\/es-mx\\\/#organization\",\"name\":\"Orangetheory Fitness M&eacute;xico\",\"url\":\"https:\\\/\\\/orangetheoryfitnessmexico.com\\\/es-mx\\\/\",\"logo\":{\"@type\":\"ImageObject\",\"inLanguage\":\"es\",\"@id\":\"https:\\\/\\\/orangetheoryfitnessmexico.com\\\/es-mx\\\/#\\\/schema\\\/logo\\\/image\\\/\",\"url\":\"https:\\\/\\\/orangetheoryfitnessmexico.com\\\/es-mx\\\/wp-content\\\/uploads\\\/2020\\\/11\\\/otf-header-logo.svg\",\"contentUrl\":\"https:\\\/\\\/orangetheoryfitnessmexico.com\\\/es-mx\\\/wp-content\\\/uploads\\\/2020\\\/11\\\/otf-header-logo.svg\",\"width\":182,\"height\":46,\"caption\":\"Orangetheory Fitness M&eacute;xico\"},\"image\":{\"@id\":\"https:\\\/\\\/orangetheoryfitnessmexico.com\\\/es-mx\\\/#\\\/schema\\\/logo\\\/image\\\/\"}}]}<\/script>\n<!-- \/ Yoast SEO plugin. -->","yoast_head_json":{"title":"Recomendaciones Para Firsttimers - Orangetheory Fitness M&eacute;xico","description":"Probar un nuevo entrenamiento puede dar miedo. Pero desde el momento en que entras en un estudio de Orangetheory, te sentir\u00e1s a gusto.","robots":{"index":"index","follow":"follow","max-snippet":"max-snippet:-1","max-image-preview":"max-image-preview:large","max-video-preview":"max-video-preview:-1"},"canonical":"https:\/\/orangetheoryfitnessmexico.com\/es-mx\/primera-vez-compra-online\/","og_locale":"es_ES","og_type":"article","og_title":"Recomendaciones Para Firsttimers - Orangetheory Fitness M&eacute;xico","og_description":"Probar un nuevo entrenamiento puede dar miedo. Pero desde el momento en que entras en un estudio de Orangetheory, te sentir\u00e1s a gusto.","og_url":"https:\/\/orangetheoryfitnessmexico.com\/es-mx\/primera-vez-compra-online\/","og_site_name":"Orangetheory Fitness M&eacute;xico","article_modified_time":"2025-03-19T15:34:05+00:00","twitter_card":"summary_large_image","twitter_misc":{"Tiempo de lectura":"4 minutos"},"schema":{"@context":"https:\/\/schema.org","@graph":[{"@type":"WebPage","@id":"https:\/\/orangetheoryfitnessmexico.com\/es-mx\/primera-vez-compra-online\/","url":"https:\/\/orangetheoryfitnessmexico.com\/es-mx\/primera-vez-compra-online\/","name":"Recomendaciones Para Firsttimers - Orangetheory Fitness M&eacute;xico","isPartOf":{"@id":"https:\/\/orangetheoryfitnessmexico.com\/es-mx\/#website"},"primaryImageOfPage":{"@id":"https:\/\/orangetheoryfitnessmexico.com\/es-mx\/primera-vez-compra-online\/#primaryimage"},"image":{"@id":"https:\/\/orangetheoryfitnessmexico.com\/es-mx\/primera-vez-compra-online\/#primaryimage"},"thumbnailUrl":"","datePublished":"2020-01-03T21:29:41+00:00","dateModified":"2025-03-19T15:34:05+00:00","description":"Probar un nuevo entrenamiento puede dar miedo. Pero desde el momento en que entras en un estudio de Orangetheory, te sentir\u00e1s a gusto.","breadcrumb":{"@id":"https:\/\/orangetheoryfitnessmexico.com\/es-mx\/primera-vez-compra-online\/#breadcrumb"},"inLanguage":"es","potentialAction":[{"@type":"ReadAction","target":["https:\/\/orangetheoryfitnessmexico.com\/es-mx\/primera-vez-compra-online\/"]}]},{"@type":"ImageObject","inLanguage":"es","@id":"https:\/\/orangetheoryfitnessmexico.com\/es-mx\/primera-vez-compra-online\/#primaryimage","url":"","contentUrl":""},{"@type":"BreadcrumbList","@id":"https:\/\/orangetheoryfitnessmexico.com\/es-mx\/primera-vez-compra-online\/#breadcrumb","itemListElement":[{"@type":"ListItem","position":1,"name":"Portada","item":"https:\/\/orangetheoryfitnessmexico.com\/es-mx\/"},{"@type":"ListItem","position":2,"name":"Recomendaciones Para Firsttimers"}]},{"@type":"WebSite","@id":"https:\/\/orangetheoryfitnessmexico.com\/es-mx\/#website","url":"https:\/\/orangetheoryfitnessmexico.com\/es-mx\/","name":"Orangetheory Fitness M&eacute;xico","description":"El &uacute;nico entrenamiento que combina ciencia, coaching y tecnolog&iacute;a","publisher":{"@id":"https:\/\/orangetheoryfitnessmexico.com\/es-mx\/#organization"},"potentialAction":[{"@type":"SearchAction","target":{"@type":"EntryPoint","urlTemplate":"https:\/\/orangetheoryfitnessmexico.com\/es-mx\/?s={search_term_string}"},"query-input":{"@type":"PropertyValueSpecification","valueRequired":true,"valueName":"search_term_string"}}],"inLanguage":"es"},{"@type":"Organization","@id":"https:\/\/orangetheoryfitnessmexico.com\/es-mx\/#organization","name":"Orangetheory Fitness M&eacute;xico","url":"https:\/\/orangetheoryfitnessmexico.com\/es-mx\/","logo":{"@type":"ImageObject","inLanguage":"es","@id":"https:\/\/orangetheoryfitnessmexico.com\/es-mx\/#\/schema\/logo\/image\/","url":"https:\/\/orangetheoryfitnessmexico.com\/es-mx\/wp-content\/uploads\/2020\/11\/otf-header-logo.svg","contentUrl":"https:\/\/orangetheoryfitnessmexico.com\/es-mx\/wp-content\/uploads\/2020\/11\/otf-header-logo.svg","width":182,"height":46,"caption":"Orangetheory Fitness M&eacute;xico"},"image":{"@id":"https:\/\/orangetheoryfitnessmexico.com\/es-mx\/#\/schema\/logo\/image\/"}}]}},"_links":{"self":[{"href":"https:\/\/orangetheoryfitnessmexico.com\/es-mx\/wp-json\/wp\/v2\/pages\/4784","targetHints":{"allow":["GET"]}}],"collection":[{"href":"https:\/\/orangetheoryfitnessmexico.com\/es-mx\/wp-json\/wp\/v2\/pages"}],"about":[{"href":"https:\/\/orangetheoryfitnessmexico.com\/es-mx\/wp-json\/wp\/v2\/types\/page"}],"author":[{"embeddable":true,"href":"https:\/\/orangetheoryfitnessmexico.com\/es-mx\/wp-json\/wp\/v2\/users\/1"}],"replies":[{"embeddable":true,"href":"https:\/\/orangetheoryfitnessmexico.com\/es-mx\/wp-json\/wp\/v2\/comments?post=4784"}],"version-history":[{"count":3,"href":"https:\/\/orangetheoryfitnessmexico.com\/es-mx\/wp-json\/wp\/v2\/pages\/4784\/revisions"}],"predecessor-version":[{"id":12979,"href":"https:\/\/orangetheoryfitnessmexico.com\/es-mx\/wp-json\/wp\/v2\/pages\/4784\/revisions\/12979"}],"wp:featuredmedia":[{"embeddable":true,"href":"https:\/\/orangetheoryfitnessmexico.com\/es-mx\/wp-json\/"}],"wp:attachment":[{"href":"https:\/\/orangetheoryfitnessmexico.com\/es-mx\/wp-json\/wp\/v2\/media?parent=4784"}],"curies":[{"name":"wp","href":"https:\/\/api.w.org\/{rel}","templated":true}]}}