{"id":10376,"date":"2023-03-06T22:34:15","date_gmt":"2023-03-06T22:34:15","guid":{"rendered":"https:\/\/orangetheoryfitnessmexico.com\/es-mx\/?page_id=10376"},"modified":"2023-03-07T16:46:50","modified_gmt":"2023-03-07T16:46:50","slug":"servicio-a-clientes-condesa","status":"publish","type":"page","link":"https:\/\/orangetheoryfitnessmexico.com\/es-mx\/servicio-a-clientes-condesa\/","title":{"rendered":"Servicio a Clientes Condesa"},"content":{"rendered":"\t\t<div data-elementor-type=\"wp-page\" data-elementor-id=\"10376\" class=\"elementor elementor-10376\" data-elementor-post-type=\"page\">\n\t\t\t\t\t\t<section class=\"elementor-section elementor-top-section elementor-element elementor-element-2d6c020 elementor-section-full_width elementor-section-height-min-height elementor-section-content-top elementor-section-stretched elementor-section-height-default elementor-section-items-middle\" data-id=\"2d6c020\" data-element_type=\"section\" data-e-type=\"section\" data-settings=\"{&quot;background_background&quot;:&quot;classic&quot;,&quot;stretch_section&quot;:&quot;section-stretched&quot;}\">\n\t\t\t\t\t\t\t<div class=\"elementor-background-overlay\"><\/div>\n\t\t\t\t\t\t\t<div class=\"elementor-container elementor-column-gap-default\">\n\t\t\t\t\t<div class=\"elementor-column elementor-col-100 elementor-top-column elementor-element elementor-element-68a7323 animated-fast\" data-id=\"68a7323\" data-element_type=\"column\" data-e-type=\"column\" data-settings=\"{&quot;animation&quot;:&quot;none&quot;}\">\n\t\t\t<div class=\"elementor-widget-wrap elementor-element-populated\">\n\t\t\t\t\t\t<div class=\"elementor-element elementor-element-4deff04 elementor-widget elementor-widget-spacer\" data-id=\"4deff04\" data-element_type=\"widget\" data-e-type=\"widget\" data-widget_type=\"spacer.default\">\n\t\t\t\t<div class=\"elementor-widget-container\">\n\t\t\t\t\t\t\t<div class=\"elementor-spacer\">\n\t\t\t<div class=\"elementor-spacer-inner\"><\/div>\n\t\t<\/div>\n\t\t\t\t\t\t<\/div>\n\t\t\t\t<\/div>\n\t\t\t\t<div class=\"elementor-element elementor-element-eb4357a elementor-widget elementor-widget-heading\" data-id=\"eb4357a\" data-element_type=\"widget\" data-e-type=\"widget\" data-widget_type=\"heading.default\">\n\t\t\t\t<div class=\"elementor-widget-container\">\n\t\t\t\t\t<h1 class=\"elementor-heading-title elementor-size-medium\">Atenci\u00f3n Orangetheory Fitness Condesa<\/h1>\t\t\t\t<\/div>\n\t\t\t\t<\/div>\n\t\t\t\t<div class=\"elementor-element elementor-element-15ebfb5 elementor-widget elementor-widget-spacer\" data-id=\"15ebfb5\" data-element_type=\"widget\" data-e-type=\"widget\" data-widget_type=\"spacer.default\">\n\t\t\t\t<div class=\"elementor-widget-container\">\n\t\t\t\t\t\t\t<div class=\"elementor-spacer\">\n\t\t\t<div class=\"elementor-spacer-inner\"><\/div>\n\t\t<\/div>\n\t\t\t\t\t\t<\/div>\n\t\t\t\t<\/div>\n\t\t\t\t\t<\/div>\n\t\t<\/div>\n\t\t\t\t\t<\/div>\n\t\t<\/section>\n\t\t\t\t<section class=\"elementor-section elementor-top-section elementor-element elementor-element-d097d94 elementor-section-boxed elementor-section-height-default elementor-section-height-default\" data-id=\"d097d94\" data-element_type=\"section\" data-e-type=\"section\">\n\t\t\t\t\t\t<div class=\"elementor-container elementor-column-gap-default\">\n\t\t\t\t\t<div class=\"elementor-column elementor-col-100 elementor-top-column elementor-element elementor-element-ae5b3a4\" data-id=\"ae5b3a4\" data-element_type=\"column\" data-e-type=\"column\">\n\t\t\t<div class=\"elementor-widget-wrap elementor-element-populated\">\n\t\t\t\t\t\t<div class=\"elementor-element elementor-element-5cdc25b elementor-widget elementor-widget-spacer\" data-id=\"5cdc25b\" data-element_type=\"widget\" data-e-type=\"widget\" data-widget_type=\"spacer.default\">\n\t\t\t\t<div class=\"elementor-widget-container\">\n\t\t\t\t\t\t\t<div class=\"elementor-spacer\">\n\t\t\t<div class=\"elementor-spacer-inner\"><\/div>\n\t\t<\/div>\n\t\t\t\t\t\t<\/div>\n\t\t\t\t<\/div>\n\t\t\t\t<div class=\"elementor-element elementor-element-fb0e56b elementor-widget elementor-widget-heading\" data-id=\"fb0e56b\" data-element_type=\"widget\" data-e-type=\"widget\" data-widget_type=\"heading.default\">\n\t\t\t\t<div class=\"elementor-widget-container\">\n\t\t\t\t\t<h3 class=\"elementor-heading-title elementor-size-default\"><span lang=\"ES\">\u00a1Bienvenido a la p\u00e1gina de soporte administrativo de Orangetheory Fitness!<\/span><\/h3>\t\t\t\t<\/div>\n\t\t\t\t<\/div>\n\t\t\t\t\t<\/div>\n\t\t<\/div>\n\t\t\t\t\t<\/div>\n\t\t<\/section>\n\t\t\t\t<section class=\"elementor-section elementor-top-section elementor-element elementor-element-cf96c37 elementor-section-boxed elementor-section-height-default elementor-section-height-default\" data-id=\"cf96c37\" data-element_type=\"section\" data-e-type=\"section\">\n\t\t\t\t\t\t<div class=\"elementor-container elementor-column-gap-default\">\n\t\t\t\t\t<div class=\"elementor-column elementor-col-25 elementor-top-column elementor-element elementor-element-76633bc\" data-id=\"76633bc\" data-element_type=\"column\" data-e-type=\"column\">\n\t\t\t<div class=\"elementor-widget-wrap\">\n\t\t\t\t\t\t\t<\/div>\n\t\t<\/div>\n\t\t\t\t<div class=\"elementor-column elementor-col-50 elementor-top-column elementor-element elementor-element-3d7f927\" data-id=\"3d7f927\" data-element_type=\"column\" data-e-type=\"column\">\n\t\t\t<div class=\"elementor-widget-wrap elementor-element-populated\">\n\t\t\t\t\t\t<div class=\"elementor-element elementor-element-302d00a elementor-widget elementor-widget-spacer\" data-id=\"302d00a\" data-element_type=\"widget\" data-e-type=\"widget\" data-widget_type=\"spacer.default\">\n\t\t\t\t<div class=\"elementor-widget-container\">\n\t\t\t\t\t\t\t<div class=\"elementor-spacer\">\n\t\t\t<div class=\"elementor-spacer-inner\"><\/div>\n\t\t<\/div>\n\t\t\t\t\t\t<\/div>\n\t\t\t\t<\/div>\n\t\t\t\t<div class=\"elementor-element elementor-element-735dd10 elementor-widget-divider--view-line elementor-widget elementor-widget-divider\" data-id=\"735dd10\" data-element_type=\"widget\" data-e-type=\"widget\" data-widget_type=\"divider.default\">\n\t\t\t\t<div class=\"elementor-widget-container\">\n\t\t\t\t\t\t\t<div class=\"elementor-divider\">\n\t\t\t<span class=\"elementor-divider-separator\">\n\t\t\t\t\t\t<\/span>\n\t\t<\/div>\n\t\t\t\t\t\t<\/div>\n\t\t\t\t<\/div>\n\t\t\t\t<div class=\"elementor-element elementor-element-a96d34e elementor-widget elementor-widget-text-editor\" data-id=\"a96d34e\" data-element_type=\"widget\" data-e-type=\"widget\" data-widget_type=\"text-editor.default\">\n\t\t\t\t<div class=\"elementor-widget-container\">\n\t\t\t\t\t\t\t\t\t<h3>\u00bfC\u00f3mo podemos ayudarte?<\/h3><p>Para hacerte m\u00e1s f\u00e1cil las cosas, las solicitudes de\u00a0<span style=\"font-size: 23px; font-style: normal; font-weight: 400;\">congelaci\u00f3n<\/span><span style=\"font-size: 23px;\">\u00a0y\u00a0<\/span><span style=\"font-size: 23px; font-style: normal; font-weight: 400;\">cancelaci\u00f3n<\/span><span style=\"font-size: 23px;\">\u00a0de nuestras membres\u00edas de Orangetheory Fitness pueden enviarse a trav\u00e9s de nuestro formulario de solicitud, a continuaci\u00f3n, selecciona la opci\u00f3n de tu inter\u00e9s:<\/span><\/p>\t\t\t\t\t\t\t\t<\/div>\n\t\t\t\t<\/div>\n\t\t\t\t<div class=\"elementor-element elementor-element-aae890a elementor-button-warning elementor-align-center elementor-widget elementor-widget-button\" data-id=\"aae890a\" data-element_type=\"widget\" data-e-type=\"widget\" data-widget_type=\"button.default\">\n\t\t\t\t<div class=\"elementor-widget-container\">\n\t\t\t\t\t\t\t\t\t<div class=\"elementor-button-wrapper\">\n\t\t\t\t\t<a class=\"elementor-button elementor-button-link elementor-size-xl\" href=\"https:\/\/orangetheoryfitnessmexico.com\/es-mx\/congelacion-condesa\/\">\n\t\t\t\t\t\t<span class=\"elementor-button-content-wrapper\">\n\t\t\t\t\t\t\t\t\t<span class=\"elementor-button-text\">Congela tu membres\u00eda<\/span>\n\t\t\t\t\t<\/span>\n\t\t\t\t\t<\/a>\n\t\t\t\t<\/div>\n\t\t\t\t\t\t\t\t<\/div>\n\t\t\t\t<\/div>\n\t\t\t\t<div class=\"elementor-element elementor-element-318ff02 elementor-button-warning elementor-align-center elementor-widget elementor-widget-button\" data-id=\"318ff02\" data-element_type=\"widget\" data-e-type=\"widget\" data-widget_type=\"button.default\">\n\t\t\t\t<div class=\"elementor-widget-container\">\n\t\t\t\t\t\t\t\t\t<div class=\"elementor-button-wrapper\">\n\t\t\t\t\t<a class=\"elementor-button elementor-button-link elementor-size-xl\" href=\"https:\/\/orangetheoryfitnessmexico.com\/es-mx\/cancelacion-condesa\/\">\n\t\t\t\t\t\t<span class=\"elementor-button-content-wrapper\">\n\t\t\t\t\t\t\t\t\t<span class=\"elementor-button-text\">Cancela tu memebres\u00eda<\/span>\n\t\t\t\t\t<\/span>\n\t\t\t\t\t<\/a>\n\t\t\t\t<\/div>\n\t\t\t\t\t\t\t\t<\/div>\n\t\t\t\t<\/div>\n\t\t\t\t<div class=\"elementor-element elementor-element-db90fb8 elementor-button-warning elementor-align-center elementor-widget elementor-widget-button\" data-id=\"db90fb8\" data-element_type=\"widget\" data-e-type=\"widget\" data-widget_type=\"button.default\">\n\t\t\t\t<div class=\"elementor-widget-container\">\n\t\t\t\t\t\t\t\t\t<div class=\"elementor-button-wrapper\">\n\t\t\t\t\t<a class=\"elementor-button elementor-button-link elementor-size-sm\" href=\"https:\/\/orangetheoryfitnessmexico.com\/es-mx\/buzon-de-comentarios\/\">\n\t\t\t\t\t\t<span class=\"elementor-button-content-wrapper\">\n\t\t\t\t\t\t\t\t\t<span class=\"elementor-button-text\">Buz\u00f3n de Comentarios<\/span>\n\t\t\t\t\t<\/span>\n\t\t\t\t\t<\/a>\n\t\t\t\t<\/div>\n\t\t\t\t\t\t\t\t<\/div>\n\t\t\t\t<\/div>\n\t\t\t\t<div class=\"elementor-element elementor-element-75f7434 elementor-widget elementor-widget-text-editor\" data-id=\"75f7434\" data-element_type=\"widget\" data-e-type=\"widget\" data-widget_type=\"text-editor.default\">\n\t\t\t\t<div class=\"elementor-widget-container\">\n\t\t\t\t\t\t\t\t\t<p style=\"text-align: center;\"><span style=\"color: #000000; font-family: Klavika-RegularCond, sans-serif; font-size: 23px; font-style: normal; font-weight: 400; text-align: center;\">Ya sea cancelaci\u00f3n o congelaci\u00f3n, es importante tomar en cuenta que este proceso es solo una solicitud, nuestro departamento administrativo validar\u00e1 la informaci\u00f3n y te enviar\u00e1 la confirmaci\u00f3n v\u00eda correo electr\u00f3nico.\u00a0<\/span><\/p><p>\u00a0<\/p>\t\t\t\t\t\t\t\t<\/div>\n\t\t\t\t<\/div>\n\t\t\t\t\t<\/div>\n\t\t<\/div>\n\t\t\t\t<div class=\"elementor-column elementor-col-25 elementor-top-column elementor-element elementor-element-ab5a052\" data-id=\"ab5a052\" data-element_type=\"column\" data-e-type=\"column\">\n\t\t\t<div class=\"elementor-widget-wrap\">\n\t\t\t\t\t\t\t<\/div>\n\t\t<\/div>\n\t\t\t\t\t<\/div>\n\t\t<\/section>\n\t\t\t\t<section class=\"elementor-section elementor-top-section elementor-element elementor-element-fe20d2d elementor-section-boxed elementor-section-height-default elementor-section-height-default\" data-id=\"fe20d2d\" data-element_type=\"section\" data-e-type=\"section\">\n\t\t\t\t\t\t<div class=\"elementor-container elementor-column-gap-default\">\n\t\t\t\t\t<div class=\"elementor-column elementor-col-100 elementor-top-column elementor-element elementor-element-76ec67a\" data-id=\"76ec67a\" data-element_type=\"column\" data-e-type=\"column\">\n\t\t\t<div class=\"elementor-widget-wrap elementor-element-populated\">\n\t\t\t\t\t\t<div class=\"elementor-element elementor-element-0775d5d elementor-widget elementor-widget-spacer\" data-id=\"0775d5d\" data-element_type=\"widget\" data-e-type=\"widget\" data-widget_type=\"spacer.default\">\n\t\t\t\t<div class=\"elementor-widget-container\">\n\t\t\t\t\t\t\t<div class=\"elementor-spacer\">\n\t\t\t<div class=\"elementor-spacer-inner\"><\/div>\n\t\t<\/div>\n\t\t\t\t\t\t<\/div>\n\t\t\t\t<\/div>\n\t\t\t\t\t<\/div>\n\t\t<\/div>\n\t\t\t\t\t<\/div>\n\t\t<\/section>\n\t\t\t\t<section class=\"elementor-section elementor-top-section elementor-element elementor-element-7905a3a elementor-section-height-min-height elementor-section-boxed elementor-section-height-default elementor-section-items-middle\" data-id=\"7905a3a\" data-element_type=\"section\" data-e-type=\"section\" data-settings=\"{&quot;background_background&quot;:&quot;classic&quot;}\">\n\t\t\t\t\t\t\t<div class=\"elementor-background-overlay\"><\/div>\n\t\t\t\t\t\t\t<div class=\"elementor-container elementor-column-gap-default\">\n\t\t\t\t\t<div class=\"elementor-column elementor-col-100 elementor-top-column elementor-element elementor-element-cae3e0d\" data-id=\"cae3e0d\" data-element_type=\"column\" data-e-type=\"column\">\n\t\t\t<div class=\"elementor-widget-wrap\">\n\t\t\t\t\t\t\t<\/div>\n\t\t<\/div>\n\t\t\t\t\t<\/div>\n\t\t<\/section>\n\t\t\t\t<\/div>\n\t\t","protected":false},"excerpt":{"rendered":"<p>Atenci\u00f3n Orangetheory Fitness Condesa \u00a1Bienvenido a la p\u00e1gina de soporte administrativo de Orangetheory Fitness! \u00bfC\u00f3mo podemos ayudarte? Para hacerte m\u00e1s f\u00e1cil las cosas, las solicitudes de\u00a0congelaci\u00f3n\u00a0y\u00a0cancelaci\u00f3n\u00a0de nuestras membres\u00edas de Orangetheory Fitness pueden enviarse a trav\u00e9s de nuestro formulario de solicitud, a continuaci\u00f3n, selecciona la opci\u00f3n de tu inter\u00e9s: Congela tu membres\u00eda Cancela tu memebres\u00eda Buz\u00f3n [&hellip;]<\/p>\n","protected":false},"author":1,"featured_media":0,"parent":0,"menu_order":0,"comment_status":"closed","ping_status":"closed","template":"","meta":{"content-type":"","site-sidebar-layout":"no-sidebar","site-content-layout":"page-builder","ast-site-content-layout":"default","site-content-style":"default","site-sidebar-style":"default","ast-global-header-display":"","ast-banner-title-visibility":"","ast-main-header-display":"","ast-hfb-above-header-display":"","ast-hfb-below-header-display":"","ast-hfb-mobile-header-display":"","site-post-title":"disabled","ast-breadcrumbs-content":"","ast-featured-img":"disabled","footer-sml-layout":"","ast-disable-related-posts":"","theme-transparent-header-meta":"default","adv-header-id-meta":"","stick-header-meta":"","header-above-stick-meta":"","header-main-stick-meta":"","header-below-stick-meta":"","astra-migrate-meta-layouts":"default","ast-page-background-enabled":"default","ast-page-background-meta":{"desktop":{"background-color":"var(--ast-global-color-4)","background-image":"","background-repeat":"repeat","background-position":"center center","background-size":"auto","background-attachment":"scroll","background-type":"","background-media":"","overlay-type":"","overlay-color":"","overlay-opacity":"","overlay-gradient":""},"tablet":{"background-color":"","background-image":"","background-repeat":"repeat","background-position":"center center","background-size":"auto","background-attachment":"scroll","background-type":"","background-media":"","overlay-type":"","overlay-color":"","overlay-opacity":"","overlay-gradient":""},"mobile":{"background-color":"","background-image":"","background-repeat":"repeat","background-position":"center center","background-size":"auto","background-attachment":"scroll","background-type":"","background-media":"","overlay-type":"","overlay-color":"","overlay-opacity":"","overlay-gradient":""}},"ast-content-background-meta":{"desktop":{"background-color":"var(--ast-global-color-5)","background-image":"","background-repeat":"repeat","background-position":"center center","background-size":"auto","background-attachment":"scroll","background-type":"","background-media":"","overlay-type":"","overlay-color":"","overlay-opacity":"","overlay-gradient":""},"tablet":{"background-color":"var(--ast-global-color-5)","background-image":"","background-repeat":"repeat","background-position":"center center","background-size":"auto","background-attachment":"scroll","background-type":"","background-media":"","overlay-type":"","overlay-color":"","overlay-opacity":"","overlay-gradient":""},"mobile":{"background-color":"var(--ast-global-color-5)","background-image":"","background-repeat":"repeat","background-position":"center center","background-size":"auto","background-attachment":"scroll","background-type":"","background-media":"","overlay-type":"","overlay-color":"","overlay-opacity":"","overlay-gradient":""}},"footnotes":""},"class_list":["post-10376","page","type-page","status-publish","hentry"],"yoast_head":"<!-- This site is optimized with the Yoast SEO plugin v27.5 - https:\/\/yoast.com\/product\/yoast-seo-wordpress\/ -->\n<title>Servicio a Clientes Condesa - Orangetheory Fitness M&eacute;xico<\/title>\n<meta name=\"robots\" content=\"index, follow, max-snippet:-1, max-image-preview:large, max-video-preview:-1\" \/>\n<link rel=\"canonical\" href=\"https:\/\/orangetheoryfitnessmexico.com\/es-mx\/servicio-a-clientes-condesa\/\" \/>\n<meta property=\"og:locale\" content=\"es_ES\" \/>\n<meta property=\"og:type\" content=\"article\" \/>\n<meta property=\"og:title\" content=\"Servicio a Clientes Condesa - Orangetheory Fitness M&eacute;xico\" \/>\n<meta property=\"og:description\" content=\"Atenci\u00f3n Orangetheory Fitness Condesa \u00a1Bienvenido a la p\u00e1gina de soporte administrativo de Orangetheory Fitness! \u00bfC\u00f3mo podemos ayudarte? Para hacerte m\u00e1s f\u00e1cil las cosas, las solicitudes de\u00a0congelaci\u00f3n\u00a0y\u00a0cancelaci\u00f3n\u00a0de nuestras membres\u00edas de Orangetheory Fitness pueden enviarse a trav\u00e9s de nuestro formulario de solicitud, a continuaci\u00f3n, selecciona la opci\u00f3n de tu inter\u00e9s: Congela tu membres\u00eda Cancela tu memebres\u00eda Buz\u00f3n [&hellip;]\" \/>\n<meta property=\"og:url\" content=\"https:\/\/orangetheoryfitnessmexico.com\/es-mx\/servicio-a-clientes-condesa\/\" \/>\n<meta property=\"og:site_name\" content=\"Orangetheory Fitness M&eacute;xico\" \/>\n<meta property=\"article:modified_time\" content=\"2023-03-07T16:46:50+00:00\" \/>\n<meta name=\"twitter:card\" content=\"summary_large_image\" \/>\n<meta name=\"twitter:label1\" content=\"Tiempo de lectura\" \/>\n\t<meta name=\"twitter:data1\" content=\"1 minuto\" \/>\n<script type=\"application\/ld+json\" class=\"yoast-schema-graph\">{\"@context\":\"https:\\\/\\\/schema.org\",\"@graph\":[{\"@type\":\"WebPage\",\"@id\":\"https:\\\/\\\/orangetheoryfitnessmexico.com\\\/es-mx\\\/servicio-a-clientes-condesa\\\/\",\"url\":\"https:\\\/\\\/orangetheoryfitnessmexico.com\\\/es-mx\\\/servicio-a-clientes-condesa\\\/\",\"name\":\"Servicio a Clientes Condesa - Orangetheory Fitness M&eacute;xico\",\"isPartOf\":{\"@id\":\"https:\\\/\\\/orangetheoryfitnessmexico.com\\\/es-mx\\\/#website\"},\"datePublished\":\"2023-03-06T22:34:15+00:00\",\"dateModified\":\"2023-03-07T16:46:50+00:00\",\"breadcrumb\":{\"@id\":\"https:\\\/\\\/orangetheoryfitnessmexico.com\\\/es-mx\\\/servicio-a-clientes-condesa\\\/#breadcrumb\"},\"inLanguage\":\"es\",\"potentialAction\":[{\"@type\":\"ReadAction\",\"target\":[\"https:\\\/\\\/orangetheoryfitnessmexico.com\\\/es-mx\\\/servicio-a-clientes-condesa\\\/\"]}]},{\"@type\":\"BreadcrumbList\",\"@id\":\"https:\\\/\\\/orangetheoryfitnessmexico.com\\\/es-mx\\\/servicio-a-clientes-condesa\\\/#breadcrumb\",\"itemListElement\":[{\"@type\":\"ListItem\",\"position\":1,\"name\":\"Portada\",\"item\":\"https:\\\/\\\/orangetheoryfitnessmexico.com\\\/es-mx\\\/\"},{\"@type\":\"ListItem\",\"position\":2,\"name\":\"Servicio a Clientes Condesa\"}]},{\"@type\":\"WebSite\",\"@id\":\"https:\\\/\\\/orangetheoryfitnessmexico.com\\\/es-mx\\\/#website\",\"url\":\"https:\\\/\\\/orangetheoryfitnessmexico.com\\\/es-mx\\\/\",\"name\":\"Orangetheory Fitness M&eacute;xico\",\"description\":\"El &uacute;nico entrenamiento que combina ciencia, coaching y tecnolog&iacute;a\",\"publisher\":{\"@id\":\"https:\\\/\\\/orangetheoryfitnessmexico.com\\\/es-mx\\\/#organization\"},\"potentialAction\":[{\"@type\":\"SearchAction\",\"target\":{\"@type\":\"EntryPoint\",\"urlTemplate\":\"https:\\\/\\\/orangetheoryfitnessmexico.com\\\/es-mx\\\/?s={search_term_string}\"},\"query-input\":{\"@type\":\"PropertyValueSpecification\",\"valueRequired\":true,\"valueName\":\"search_term_string\"}}],\"inLanguage\":\"es\"},{\"@type\":\"Organization\",\"@id\":\"https:\\\/\\\/orangetheoryfitnessmexico.com\\\/es-mx\\\/#organization\",\"name\":\"Orangetheory Fitness M&eacute;xico\",\"url\":\"https:\\\/\\\/orangetheoryfitnessmexico.com\\\/es-mx\\\/\",\"logo\":{\"@type\":\"ImageObject\",\"inLanguage\":\"es\",\"@id\":\"https:\\\/\\\/orangetheoryfitnessmexico.com\\\/es-mx\\\/#\\\/schema\\\/logo\\\/image\\\/\",\"url\":\"https:\\\/\\\/orangetheoryfitnessmexico.com\\\/es-mx\\\/wp-content\\\/uploads\\\/2020\\\/11\\\/otf-header-logo.svg\",\"contentUrl\":\"https:\\\/\\\/orangetheoryfitnessmexico.com\\\/es-mx\\\/wp-content\\\/uploads\\\/2020\\\/11\\\/otf-header-logo.svg\",\"width\":182,\"height\":46,\"caption\":\"Orangetheory Fitness M&eacute;xico\"},\"image\":{\"@id\":\"https:\\\/\\\/orangetheoryfitnessmexico.com\\\/es-mx\\\/#\\\/schema\\\/logo\\\/image\\\/\"}}]}<\/script>\n<!-- \/ Yoast SEO plugin. -->","yoast_head_json":{"title":"Servicio a Clientes Condesa - Orangetheory Fitness M&eacute;xico","robots":{"index":"index","follow":"follow","max-snippet":"max-snippet:-1","max-image-preview":"max-image-preview:large","max-video-preview":"max-video-preview:-1"},"canonical":"https:\/\/orangetheoryfitnessmexico.com\/es-mx\/servicio-a-clientes-condesa\/","og_locale":"es_ES","og_type":"article","og_title":"Servicio a Clientes Condesa - Orangetheory Fitness M&eacute;xico","og_description":"Atenci\u00f3n Orangetheory Fitness Condesa \u00a1Bienvenido a la p\u00e1gina de soporte administrativo de Orangetheory Fitness! \u00bfC\u00f3mo podemos ayudarte? Para hacerte m\u00e1s f\u00e1cil las cosas, las solicitudes de\u00a0congelaci\u00f3n\u00a0y\u00a0cancelaci\u00f3n\u00a0de nuestras membres\u00edas de Orangetheory Fitness pueden enviarse a trav\u00e9s de nuestro formulario de solicitud, a continuaci\u00f3n, selecciona la opci\u00f3n de tu inter\u00e9s: Congela tu membres\u00eda Cancela tu memebres\u00eda Buz\u00f3n [&hellip;]","og_url":"https:\/\/orangetheoryfitnessmexico.com\/es-mx\/servicio-a-clientes-condesa\/","og_site_name":"Orangetheory Fitness M&eacute;xico","article_modified_time":"2023-03-07T16:46:50+00:00","twitter_card":"summary_large_image","twitter_misc":{"Tiempo de lectura":"1 minuto"},"schema":{"@context":"https:\/\/schema.org","@graph":[{"@type":"WebPage","@id":"https:\/\/orangetheoryfitnessmexico.com\/es-mx\/servicio-a-clientes-condesa\/","url":"https:\/\/orangetheoryfitnessmexico.com\/es-mx\/servicio-a-clientes-condesa\/","name":"Servicio a Clientes Condesa - Orangetheory Fitness M&eacute;xico","isPartOf":{"@id":"https:\/\/orangetheoryfitnessmexico.com\/es-mx\/#website"},"datePublished":"2023-03-06T22:34:15+00:00","dateModified":"2023-03-07T16:46:50+00:00","breadcrumb":{"@id":"https:\/\/orangetheoryfitnessmexico.com\/es-mx\/servicio-a-clientes-condesa\/#breadcrumb"},"inLanguage":"es","potentialAction":[{"@type":"ReadAction","target":["https:\/\/orangetheoryfitnessmexico.com\/es-mx\/servicio-a-clientes-condesa\/"]}]},{"@type":"BreadcrumbList","@id":"https:\/\/orangetheoryfitnessmexico.com\/es-mx\/servicio-a-clientes-condesa\/#breadcrumb","itemListElement":[{"@type":"ListItem","position":1,"name":"Portada","item":"https:\/\/orangetheoryfitnessmexico.com\/es-mx\/"},{"@type":"ListItem","position":2,"name":"Servicio a Clientes Condesa"}]},{"@type":"WebSite","@id":"https:\/\/orangetheoryfitnessmexico.com\/es-mx\/#website","url":"https:\/\/orangetheoryfitnessmexico.com\/es-mx\/","name":"Orangetheory Fitness M&eacute;xico","description":"El &uacute;nico entrenamiento que combina ciencia, coaching y tecnolog&iacute;a","publisher":{"@id":"https:\/\/orangetheoryfitnessmexico.com\/es-mx\/#organization"},"potentialAction":[{"@type":"SearchAction","target":{"@type":"EntryPoint","urlTemplate":"https:\/\/orangetheoryfitnessmexico.com\/es-mx\/?s={search_term_string}"},"query-input":{"@type":"PropertyValueSpecification","valueRequired":true,"valueName":"search_term_string"}}],"inLanguage":"es"},{"@type":"Organization","@id":"https:\/\/orangetheoryfitnessmexico.com\/es-mx\/#organization","name":"Orangetheory Fitness M&eacute;xico","url":"https:\/\/orangetheoryfitnessmexico.com\/es-mx\/","logo":{"@type":"ImageObject","inLanguage":"es","@id":"https:\/\/orangetheoryfitnessmexico.com\/es-mx\/#\/schema\/logo\/image\/","url":"https:\/\/orangetheoryfitnessmexico.com\/es-mx\/wp-content\/uploads\/2020\/11\/otf-header-logo.svg","contentUrl":"https:\/\/orangetheoryfitnessmexico.com\/es-mx\/wp-content\/uploads\/2020\/11\/otf-header-logo.svg","width":182,"height":46,"caption":"Orangetheory Fitness M&eacute;xico"},"image":{"@id":"https:\/\/orangetheoryfitnessmexico.com\/es-mx\/#\/schema\/logo\/image\/"}}]}},"_links":{"self":[{"href":"https:\/\/orangetheoryfitnessmexico.com\/es-mx\/wp-json\/wp\/v2\/pages\/10376","targetHints":{"allow":["GET"]}}],"collection":[{"href":"https:\/\/orangetheoryfitnessmexico.com\/es-mx\/wp-json\/wp\/v2\/pages"}],"about":[{"href":"https:\/\/orangetheoryfitnessmexico.com\/es-mx\/wp-json\/wp\/v2\/types\/page"}],"author":[{"embeddable":true,"href":"https:\/\/orangetheoryfitnessmexico.com\/es-mx\/wp-json\/wp\/v2\/users\/1"}],"replies":[{"embeddable":true,"href":"https:\/\/orangetheoryfitnessmexico.com\/es-mx\/wp-json\/wp\/v2\/comments?post=10376"}],"version-history":[{"count":4,"href":"https:\/\/orangetheoryfitnessmexico.com\/es-mx\/wp-json\/wp\/v2\/pages\/10376\/revisions"}],"predecessor-version":[{"id":10439,"href":"https:\/\/orangetheoryfitnessmexico.com\/es-mx\/wp-json\/wp\/v2\/pages\/10376\/revisions\/10439"}],"wp:attachment":[{"href":"https:\/\/orangetheoryfitnessmexico.com\/es-mx\/wp-json\/wp\/v2\/media?parent=10376"}],"curies":[{"name":"wp","href":"https:\/\/api.w.org\/{rel}","templated":true}]}}