{"id":10343,"date":"2023-03-06T21:55:51","date_gmt":"2023-03-06T21:55:51","guid":{"rendered":"https:\/\/orangetheoryfitnessmexico.com\/es-mx\/?page_id=10343"},"modified":"2023-03-07T17:01:33","modified_gmt":"2023-03-07T17:01:33","slug":"congelacion-condesa","status":"publish","type":"page","link":"https:\/\/orangetheoryfitnessmexico.com\/es-mx\/congelacion-condesa\/","title":{"rendered":"Congelaci\u00f3n Condesa"},"content":{"rendered":"\t\t<div data-elementor-type=\"wp-page\" data-elementor-id=\"10343\" class=\"elementor elementor-10343\" data-elementor-post-type=\"page\">\n\t\t\t\t\t\t<section class=\"elementor-section elementor-top-section elementor-element elementor-element-2d6c020 elementor-section-full_width elementor-section-height-min-height elementor-section-items-top elementor-section-content-top elementor-section-stretched elementor-section-height-default\" data-id=\"2d6c020\" data-element_type=\"section\" data-e-type=\"section\" data-settings=\"{&quot;background_background&quot;:&quot;classic&quot;,&quot;stretch_section&quot;:&quot;section-stretched&quot;}\">\n\t\t\t\t\t\t\t<div class=\"elementor-background-overlay\"><\/div>\n\t\t\t\t\t\t\t<div class=\"elementor-container elementor-column-gap-default\">\n\t\t\t\t\t<div class=\"elementor-column elementor-col-100 elementor-top-column elementor-element elementor-element-68a7323 animated-fast\" data-id=\"68a7323\" data-element_type=\"column\" data-e-type=\"column\" data-settings=\"{&quot;animation&quot;:&quot;none&quot;}\">\n\t\t\t<div class=\"elementor-widget-wrap elementor-element-populated\">\n\t\t\t\t\t\t<div class=\"elementor-element elementor-element-4deff04 elementor-widget elementor-widget-spacer\" data-id=\"4deff04\" data-element_type=\"widget\" data-e-type=\"widget\" data-widget_type=\"spacer.default\">\n\t\t\t\t<div class=\"elementor-widget-container\">\n\t\t\t\t\t\t\t<div class=\"elementor-spacer\">\n\t\t\t<div class=\"elementor-spacer-inner\"><\/div>\n\t\t<\/div>\n\t\t\t\t\t\t<\/div>\n\t\t\t\t<\/div>\n\t\t\t\t<div class=\"elementor-element elementor-element-eb4357a elementor-widget elementor-widget-heading\" data-id=\"eb4357a\" data-element_type=\"widget\" data-e-type=\"widget\" data-widget_type=\"heading.default\">\n\t\t\t\t<div class=\"elementor-widget-container\">\n\t\t\t\t\t<h1 class=\"elementor-heading-title elementor-size-medium\">Congelaci\u00f3n Condesa<\/h1>\t\t\t\t<\/div>\n\t\t\t\t<\/div>\n\t\t\t\t<div class=\"elementor-element elementor-element-15ebfb5 elementor-widget elementor-widget-spacer\" data-id=\"15ebfb5\" data-element_type=\"widget\" data-e-type=\"widget\" data-widget_type=\"spacer.default\">\n\t\t\t\t<div class=\"elementor-widget-container\">\n\t\t\t\t\t\t\t<div class=\"elementor-spacer\">\n\t\t\t<div class=\"elementor-spacer-inner\"><\/div>\n\t\t<\/div>\n\t\t\t\t\t\t<\/div>\n\t\t\t\t<\/div>\n\t\t\t\t\t<\/div>\n\t\t<\/div>\n\t\t\t\t\t<\/div>\n\t\t<\/section>\n\t\t\t\t<section class=\"elementor-section elementor-top-section elementor-element elementor-element-44851e7 elementor-section-boxed elementor-section-height-default elementor-section-height-default\" data-id=\"44851e7\" data-element_type=\"section\" data-e-type=\"section\">\n\t\t\t\t\t\t<div class=\"elementor-container elementor-column-gap-default\">\n\t\t\t\t\t<div class=\"elementor-column elementor-col-100 elementor-top-column elementor-element elementor-element-32fc360\" data-id=\"32fc360\" data-element_type=\"column\" data-e-type=\"column\">\n\t\t\t<div class=\"elementor-widget-wrap elementor-element-populated\">\n\t\t\t\t\t\t<div class=\"elementor-element elementor-element-140f74b elementor-widget elementor-widget-spacer\" data-id=\"140f74b\" data-element_type=\"widget\" data-e-type=\"widget\" data-widget_type=\"spacer.default\">\n\t\t\t\t<div class=\"elementor-widget-container\">\n\t\t\t\t\t\t\t<div class=\"elementor-spacer\">\n\t\t\t<div class=\"elementor-spacer-inner\"><\/div>\n\t\t<\/div>\n\t\t\t\t\t\t<\/div>\n\t\t\t\t<\/div>\n\t\t\t\t<div class=\"elementor-element elementor-element-f10b568 elementor-widget elementor-widget-text-editor\" data-id=\"f10b568\" data-element_type=\"widget\" data-e-type=\"widget\" data-widget_type=\"text-editor.default\">\n\t\t\t\t<div class=\"elementor-widget-container\">\n\t\t\t\t\t\t\t\t\t<p style=\"text-align: center;\"><strong><span style=\"color: #000000;\">\u00a1Saludos! Est\u00e1s por realizar el proceso para la solicitud de <span style=\"color: #ff6600;\">Congelaci\u00f3n (Pausa) de tu Membres\u00eda.<\/span><\/span><\/strong><\/p><p style=\"text-align: center;\"><span style=\"color: #000000;\"> Es importante que conozcas las pol\u00edticas y llenes el siguiente formulario:<\/span><\/p>\t\t\t\t\t\t\t\t<\/div>\n\t\t\t\t<\/div>\n\t\t\t\t\t<\/div>\n\t\t<\/div>\n\t\t\t\t\t<\/div>\n\t\t<\/section>\n\t\t\t\t<section class=\"elementor-section elementor-top-section elementor-element elementor-element-cf96c37 elementor-section-boxed elementor-section-height-default elementor-section-height-default\" data-id=\"cf96c37\" data-element_type=\"section\" data-e-type=\"section\" data-settings=\"{&quot;background_background&quot;:&quot;classic&quot;}\">\n\t\t\t\t\t\t<div class=\"elementor-container elementor-column-gap-default\">\n\t\t\t\t\t<div class=\"elementor-column elementor-col-25 elementor-top-column elementor-element elementor-element-76633bc\" data-id=\"76633bc\" data-element_type=\"column\" data-e-type=\"column\">\n\t\t\t<div class=\"elementor-widget-wrap\">\n\t\t\t\t\t\t\t<\/div>\n\t\t<\/div>\n\t\t\t\t<div class=\"elementor-column elementor-col-50 elementor-top-column elementor-element elementor-element-3d7f927\" data-id=\"3d7f927\" data-element_type=\"column\" data-e-type=\"column\">\n\t\t\t<div class=\"elementor-widget-wrap elementor-element-populated\">\n\t\t\t\t\t\t<div class=\"elementor-element elementor-element-302d00a elementor-widget elementor-widget-spacer\" data-id=\"302d00a\" data-element_type=\"widget\" data-e-type=\"widget\" data-widget_type=\"spacer.default\">\n\t\t\t\t<div class=\"elementor-widget-container\">\n\t\t\t\t\t\t\t<div class=\"elementor-spacer\">\n\t\t\t<div class=\"elementor-spacer-inner\"><\/div>\n\t\t<\/div>\n\t\t\t\t\t\t<\/div>\n\t\t\t\t<\/div>\n\t\t\t\t<div class=\"elementor-element elementor-element-3f1e035 elementor-widget elementor-widget-html\" data-id=\"3f1e035\" data-element_type=\"widget\" data-e-type=\"widget\" data-widget_type=\"html.default\">\n\t\t\t\t<div class=\"elementor-widget-container\">\n\t\t\t\t\t<script charset=\"utf-8\" type=\"text\/javascript\" src=\"\/\/js.hsforms.net\/forms\/embed\/v2.js\"><\/script>\n<script>\n  hbspt.forms.create({\n    region: \"na1\",\n    portalId: \"5465363\",\n    formId: \"64e3393e-fa7d-4caa-ad3d-3b7d442fc71c\"\n  });\n<\/script>\t\t\t\t<\/div>\n\t\t\t\t<\/div>\n\t\t\t\t\t<\/div>\n\t\t<\/div>\n\t\t\t\t<div class=\"elementor-column elementor-col-25 elementor-top-column elementor-element elementor-element-ab5a052\" data-id=\"ab5a052\" data-element_type=\"column\" data-e-type=\"column\">\n\t\t\t<div class=\"elementor-widget-wrap\">\n\t\t\t\t\t\t\t<\/div>\n\t\t<\/div>\n\t\t\t\t\t<\/div>\n\t\t<\/section>\n\t\t\t\t<section class=\"elementor-section elementor-top-section elementor-element elementor-element-fe20d2d elementor-section-boxed elementor-section-height-default elementor-section-height-default\" data-id=\"fe20d2d\" data-element_type=\"section\" data-e-type=\"section\" data-settings=\"{&quot;background_background&quot;:&quot;classic&quot;}\">\n\t\t\t\t\t\t<div class=\"elementor-container elementor-column-gap-default\">\n\t\t\t\t\t<div class=\"elementor-column elementor-col-100 elementor-top-column elementor-element elementor-element-76ec67a\" data-id=\"76ec67a\" data-element_type=\"column\" data-e-type=\"column\">\n\t\t\t<div class=\"elementor-widget-wrap elementor-element-populated\">\n\t\t\t\t\t\t<div class=\"elementor-element elementor-element-1ca2c62 elementor-widget elementor-widget-text-editor\" data-id=\"1ca2c62\" data-element_type=\"widget\" data-e-type=\"widget\" data-widget_type=\"text-editor.default\">\n\t\t\t\t<div class=\"elementor-widget-container\">\n\t\t\t\t\t\t\t\t\t<p><span style=\"color: #000000;\"><strong>Pol\u00edtica de Congelaci\u00f3n:<\/strong><\/span><\/p><p><span style=\"color: #000000;\">Un socio tiene la opci\u00f3n de congelar su membres\u00eda por un per\u00edodo m\u00e1ximo de 60 d\u00edas. Tras el procesamiento de Studio esta forma su membres\u00eda estar\u00e1 en un estado congelado. Los beneficios de congelaci\u00f3n incluyen:<\/span><\/p><ul><li><span style=\"color: #000000;\">No perder clases no utilizadas<\/span><\/li><li><span style=\"color: #000000;\">No se le cobrar\u00e1 su membres\u00eda durante el per\u00edodo de congelaci\u00f3n<\/span><\/li><li><span style=\"color: #000000;\">Puede continuar una vez que la membres\u00eda sea descongelada<\/span><\/li><\/ul><p class=\"p1\"><span class=\"s1\">En caso de que la fecha de ingreso de solicitud sea anterior, se tomar\u00e1 como fecha de congelaci\u00f3n la fecha en la que se envi\u00f3 esta solicitud.<span class=\"Apple-converted-space\">\u00a0<\/span><\/span><\/p><p><span style=\"color: #000000;\">Mientras que su membres\u00eda est\u00e9 congelada, se le cobrar\u00e1 una cuota mensual de congelaci\u00f3n de $300 la cual ser\u00e1 cobrada en su fecha de cargo. Una vez que su membres\u00eda alcance la fecha de descongelaci\u00f3n, se reactivar\u00e1 su membres\u00eda al precio normal. En el caso de que usted desee volver a congelar su membres\u00eda, un cargo normal de membres\u00eda debe procesarse antes de conceder una congelaci\u00f3n secundaria<\/span><\/p><p><span style=\"color: #000000;\"><strong>*Nota: En caso de ser un tema m\u00e9dico env\u00eda un mail de respuesta al correo que te llegue de confirmaci\u00f3n de formulario, un comprobante m\u00e9dico y tu Studio te contactar\u00e1 para brindarte la mejor opci\u00f3n para ti<\/strong><\/span><\/p>\t\t\t\t\t\t\t\t<\/div>\n\t\t\t\t<\/div>\n\t\t\t\t<div class=\"elementor-element elementor-element-0775d5d elementor-widget elementor-widget-spacer\" data-id=\"0775d5d\" data-element_type=\"widget\" data-e-type=\"widget\" data-widget_type=\"spacer.default\">\n\t\t\t\t<div class=\"elementor-widget-container\">\n\t\t\t\t\t\t\t<div class=\"elementor-spacer\">\n\t\t\t<div class=\"elementor-spacer-inner\"><\/div>\n\t\t<\/div>\n\t\t\t\t\t\t<\/div>\n\t\t\t\t<\/div>\n\t\t\t\t\t<\/div>\n\t\t<\/div>\n\t\t\t\t\t<\/div>\n\t\t<\/section>\n\t\t\t\t<\/div>\n\t\t","protected":false},"excerpt":{"rendered":"<p>Congelaci\u00f3n Condesa \u00a1Saludos! Est\u00e1s por realizar el proceso para la solicitud de Congelaci\u00f3n (Pausa) de tu Membres\u00eda. Es importante que conozcas las pol\u00edticas y llenes el siguiente formulario: Pol\u00edtica de Congelaci\u00f3n: Un socio tiene la opci\u00f3n de congelar su membres\u00eda por un per\u00edodo m\u00e1ximo de 60 d\u00edas. Tras el procesamiento de Studio esta forma su [&hellip;]<\/p>\n","protected":false},"author":1,"featured_media":0,"parent":0,"menu_order":0,"comment_status":"closed","ping_status":"closed","template":"","meta":{"content-type":"","site-sidebar-layout":"no-sidebar","site-content-layout":"page-builder","ast-site-content-layout":"default","site-content-style":"default","site-sidebar-style":"default","ast-global-header-display":"","ast-banner-title-visibility":"","ast-main-header-display":"","ast-hfb-above-header-display":"","ast-hfb-below-header-display":"","ast-hfb-mobile-header-display":"","site-post-title":"disabled","ast-breadcrumbs-content":"","ast-featured-img":"disabled","footer-sml-layout":"","ast-disable-related-posts":"","theme-transparent-header-meta":"default","adv-header-id-meta":"","stick-header-meta":"","header-above-stick-meta":"","header-main-stick-meta":"","header-below-stick-meta":"","astra-migrate-meta-layouts":"default","ast-page-background-enabled":"default","ast-page-background-meta":{"desktop":{"background-color":"var(--ast-global-color-4)","background-image":"","background-repeat":"repeat","background-position":"center center","background-size":"auto","background-attachment":"scroll","background-type":"","background-media":"","overlay-type":"","overlay-color":"","overlay-opacity":"","overlay-gradient":""},"tablet":{"background-color":"","background-image":"","background-repeat":"repeat","background-position":"center center","background-size":"auto","background-attachment":"scroll","background-type":"","background-media":"","overlay-type":"","overlay-color":"","overlay-opacity":"","overlay-gradient":""},"mobile":{"background-color":"","background-image":"","background-repeat":"repeat","background-position":"center center","background-size":"auto","background-attachment":"scroll","background-type":"","background-media":"","overlay-type":"","overlay-color":"","overlay-opacity":"","overlay-gradient":""}},"ast-content-background-meta":{"desktop":{"background-color":"var(--ast-global-color-5)","background-image":"","background-repeat":"repeat","background-position":"center center","background-size":"auto","background-attachment":"scroll","background-type":"","background-media":"","overlay-type":"","overlay-color":"","overlay-opacity":"","overlay-gradient":""},"tablet":{"background-color":"var(--ast-global-color-5)","background-image":"","background-repeat":"repeat","background-position":"center center","background-size":"auto","background-attachment":"scroll","background-type":"","background-media":"","overlay-type":"","overlay-color":"","overlay-opacity":"","overlay-gradient":""},"mobile":{"background-color":"var(--ast-global-color-5)","background-image":"","background-repeat":"repeat","background-position":"center center","background-size":"auto","background-attachment":"scroll","background-type":"","background-media":"","overlay-type":"","overlay-color":"","overlay-opacity":"","overlay-gradient":""}},"footnotes":""},"class_list":["post-10343","page","type-page","status-publish","hentry"],"yoast_head":"<!-- This site is optimized with the Yoast SEO plugin v27.5 - https:\/\/yoast.com\/product\/yoast-seo-wordpress\/ -->\n<title>Congelaci\u00f3n Condesa - Orangetheory Fitness M&eacute;xico<\/title>\n<meta name=\"robots\" content=\"index, follow, max-snippet:-1, max-image-preview:large, max-video-preview:-1\" \/>\n<link rel=\"canonical\" href=\"https:\/\/orangetheoryfitnessmexico.com\/es-mx\/congelacion-condesa\/\" \/>\n<meta property=\"og:locale\" content=\"es_ES\" \/>\n<meta property=\"og:type\" content=\"article\" \/>\n<meta property=\"og:title\" content=\"Congelaci\u00f3n Condesa - Orangetheory Fitness M&eacute;xico\" \/>\n<meta property=\"og:description\" content=\"Congelaci\u00f3n Condesa \u00a1Saludos! Est\u00e1s por realizar el proceso para la solicitud de Congelaci\u00f3n (Pausa) de tu Membres\u00eda. Es importante que conozcas las pol\u00edticas y llenes el siguiente formulario: Pol\u00edtica de Congelaci\u00f3n: Un socio tiene la opci\u00f3n de congelar su membres\u00eda por un per\u00edodo m\u00e1ximo de 60 d\u00edas. Tras el procesamiento de Studio esta forma su [&hellip;]\" \/>\n<meta property=\"og:url\" content=\"https:\/\/orangetheoryfitnessmexico.com\/es-mx\/congelacion-condesa\/\" \/>\n<meta property=\"og:site_name\" content=\"Orangetheory Fitness M&eacute;xico\" \/>\n<meta property=\"article:modified_time\" content=\"2023-03-07T17:01:33+00:00\" \/>\n<meta name=\"twitter:card\" content=\"summary_large_image\" \/>\n<meta name=\"twitter:label1\" content=\"Tiempo de lectura\" \/>\n\t<meta name=\"twitter:data1\" content=\"1 minuto\" \/>\n<script type=\"application\/ld+json\" class=\"yoast-schema-graph\">{\"@context\":\"https:\\\/\\\/schema.org\",\"@graph\":[{\"@type\":\"WebPage\",\"@id\":\"https:\\\/\\\/orangetheoryfitnessmexico.com\\\/es-mx\\\/congelacion-condesa\\\/\",\"url\":\"https:\\\/\\\/orangetheoryfitnessmexico.com\\\/es-mx\\\/congelacion-condesa\\\/\",\"name\":\"Congelaci\u00f3n Condesa - Orangetheory Fitness M&eacute;xico\",\"isPartOf\":{\"@id\":\"https:\\\/\\\/orangetheoryfitnessmexico.com\\\/es-mx\\\/#website\"},\"datePublished\":\"2023-03-06T21:55:51+00:00\",\"dateModified\":\"2023-03-07T17:01:33+00:00\",\"breadcrumb\":{\"@id\":\"https:\\\/\\\/orangetheoryfitnessmexico.com\\\/es-mx\\\/congelacion-condesa\\\/#breadcrumb\"},\"inLanguage\":\"es\",\"potentialAction\":[{\"@type\":\"ReadAction\",\"target\":[\"https:\\\/\\\/orangetheoryfitnessmexico.com\\\/es-mx\\\/congelacion-condesa\\\/\"]}]},{\"@type\":\"BreadcrumbList\",\"@id\":\"https:\\\/\\\/orangetheoryfitnessmexico.com\\\/es-mx\\\/congelacion-condesa\\\/#breadcrumb\",\"itemListElement\":[{\"@type\":\"ListItem\",\"position\":1,\"name\":\"Portada\",\"item\":\"https:\\\/\\\/orangetheoryfitnessmexico.com\\\/es-mx\\\/\"},{\"@type\":\"ListItem\",\"position\":2,\"name\":\"Congelaci\u00f3n Condesa\"}]},{\"@type\":\"WebSite\",\"@id\":\"https:\\\/\\\/orangetheoryfitnessmexico.com\\\/es-mx\\\/#website\",\"url\":\"https:\\\/\\\/orangetheoryfitnessmexico.com\\\/es-mx\\\/\",\"name\":\"Orangetheory Fitness M&eacute;xico\",\"description\":\"El &uacute;nico entrenamiento que combina ciencia, coaching y tecnolog&iacute;a\",\"publisher\":{\"@id\":\"https:\\\/\\\/orangetheoryfitnessmexico.com\\\/es-mx\\\/#organization\"},\"potentialAction\":[{\"@type\":\"SearchAction\",\"target\":{\"@type\":\"EntryPoint\",\"urlTemplate\":\"https:\\\/\\\/orangetheoryfitnessmexico.com\\\/es-mx\\\/?s={search_term_string}\"},\"query-input\":{\"@type\":\"PropertyValueSpecification\",\"valueRequired\":true,\"valueName\":\"search_term_string\"}}],\"inLanguage\":\"es\"},{\"@type\":\"Organization\",\"@id\":\"https:\\\/\\\/orangetheoryfitnessmexico.com\\\/es-mx\\\/#organization\",\"name\":\"Orangetheory Fitness M&eacute;xico\",\"url\":\"https:\\\/\\\/orangetheoryfitnessmexico.com\\\/es-mx\\\/\",\"logo\":{\"@type\":\"ImageObject\",\"inLanguage\":\"es\",\"@id\":\"https:\\\/\\\/orangetheoryfitnessmexico.com\\\/es-mx\\\/#\\\/schema\\\/logo\\\/image\\\/\",\"url\":\"https:\\\/\\\/orangetheoryfitnessmexico.com\\\/es-mx\\\/wp-content\\\/uploads\\\/2020\\\/11\\\/otf-header-logo.svg\",\"contentUrl\":\"https:\\\/\\\/orangetheoryfitnessmexico.com\\\/es-mx\\\/wp-content\\\/uploads\\\/2020\\\/11\\\/otf-header-logo.svg\",\"width\":182,\"height\":46,\"caption\":\"Orangetheory Fitness M&eacute;xico\"},\"image\":{\"@id\":\"https:\\\/\\\/orangetheoryfitnessmexico.com\\\/es-mx\\\/#\\\/schema\\\/logo\\\/image\\\/\"}}]}<\/script>\n<!-- \/ Yoast SEO plugin. -->","yoast_head_json":{"title":"Congelaci\u00f3n Condesa - Orangetheory Fitness M&eacute;xico","robots":{"index":"index","follow":"follow","max-snippet":"max-snippet:-1","max-image-preview":"max-image-preview:large","max-video-preview":"max-video-preview:-1"},"canonical":"https:\/\/orangetheoryfitnessmexico.com\/es-mx\/congelacion-condesa\/","og_locale":"es_ES","og_type":"article","og_title":"Congelaci\u00f3n Condesa - Orangetheory Fitness M&eacute;xico","og_description":"Congelaci\u00f3n Condesa \u00a1Saludos! Est\u00e1s por realizar el proceso para la solicitud de Congelaci\u00f3n (Pausa) de tu Membres\u00eda. Es importante que conozcas las pol\u00edticas y llenes el siguiente formulario: Pol\u00edtica de Congelaci\u00f3n: Un socio tiene la opci\u00f3n de congelar su membres\u00eda por un per\u00edodo m\u00e1ximo de 60 d\u00edas. Tras el procesamiento de Studio esta forma su [&hellip;]","og_url":"https:\/\/orangetheoryfitnessmexico.com\/es-mx\/congelacion-condesa\/","og_site_name":"Orangetheory Fitness M&eacute;xico","article_modified_time":"2023-03-07T17:01:33+00:00","twitter_card":"summary_large_image","twitter_misc":{"Tiempo de lectura":"1 minuto"},"schema":{"@context":"https:\/\/schema.org","@graph":[{"@type":"WebPage","@id":"https:\/\/orangetheoryfitnessmexico.com\/es-mx\/congelacion-condesa\/","url":"https:\/\/orangetheoryfitnessmexico.com\/es-mx\/congelacion-condesa\/","name":"Congelaci\u00f3n Condesa - Orangetheory Fitness M&eacute;xico","isPartOf":{"@id":"https:\/\/orangetheoryfitnessmexico.com\/es-mx\/#website"},"datePublished":"2023-03-06T21:55:51+00:00","dateModified":"2023-03-07T17:01:33+00:00","breadcrumb":{"@id":"https:\/\/orangetheoryfitnessmexico.com\/es-mx\/congelacion-condesa\/#breadcrumb"},"inLanguage":"es","potentialAction":[{"@type":"ReadAction","target":["https:\/\/orangetheoryfitnessmexico.com\/es-mx\/congelacion-condesa\/"]}]},{"@type":"BreadcrumbList","@id":"https:\/\/orangetheoryfitnessmexico.com\/es-mx\/congelacion-condesa\/#breadcrumb","itemListElement":[{"@type":"ListItem","position":1,"name":"Portada","item":"https:\/\/orangetheoryfitnessmexico.com\/es-mx\/"},{"@type":"ListItem","position":2,"name":"Congelaci\u00f3n Condesa"}]},{"@type":"WebSite","@id":"https:\/\/orangetheoryfitnessmexico.com\/es-mx\/#website","url":"https:\/\/orangetheoryfitnessmexico.com\/es-mx\/","name":"Orangetheory Fitness M&eacute;xico","description":"El &uacute;nico entrenamiento que combina ciencia, coaching y tecnolog&iacute;a","publisher":{"@id":"https:\/\/orangetheoryfitnessmexico.com\/es-mx\/#organization"},"potentialAction":[{"@type":"SearchAction","target":{"@type":"EntryPoint","urlTemplate":"https:\/\/orangetheoryfitnessmexico.com\/es-mx\/?s={search_term_string}"},"query-input":{"@type":"PropertyValueSpecification","valueRequired":true,"valueName":"search_term_string"}}],"inLanguage":"es"},{"@type":"Organization","@id":"https:\/\/orangetheoryfitnessmexico.com\/es-mx\/#organization","name":"Orangetheory Fitness M&eacute;xico","url":"https:\/\/orangetheoryfitnessmexico.com\/es-mx\/","logo":{"@type":"ImageObject","inLanguage":"es","@id":"https:\/\/orangetheoryfitnessmexico.com\/es-mx\/#\/schema\/logo\/image\/","url":"https:\/\/orangetheoryfitnessmexico.com\/es-mx\/wp-content\/uploads\/2020\/11\/otf-header-logo.svg","contentUrl":"https:\/\/orangetheoryfitnessmexico.com\/es-mx\/wp-content\/uploads\/2020\/11\/otf-header-logo.svg","width":182,"height":46,"caption":"Orangetheory Fitness M&eacute;xico"},"image":{"@id":"https:\/\/orangetheoryfitnessmexico.com\/es-mx\/#\/schema\/logo\/image\/"}}]}},"_links":{"self":[{"href":"https:\/\/orangetheoryfitnessmexico.com\/es-mx\/wp-json\/wp\/v2\/pages\/10343","targetHints":{"allow":["GET"]}}],"collection":[{"href":"https:\/\/orangetheoryfitnessmexico.com\/es-mx\/wp-json\/wp\/v2\/pages"}],"about":[{"href":"https:\/\/orangetheoryfitnessmexico.com\/es-mx\/wp-json\/wp\/v2\/types\/page"}],"author":[{"embeddable":true,"href":"https:\/\/orangetheoryfitnessmexico.com\/es-mx\/wp-json\/wp\/v2\/users\/1"}],"replies":[{"embeddable":true,"href":"https:\/\/orangetheoryfitnessmexico.com\/es-mx\/wp-json\/wp\/v2\/comments?post=10343"}],"version-history":[{"count":7,"href":"https:\/\/orangetheoryfitnessmexico.com\/es-mx\/wp-json\/wp\/v2\/pages\/10343\/revisions"}],"predecessor-version":[{"id":10445,"href":"https:\/\/orangetheoryfitnessmexico.com\/es-mx\/wp-json\/wp\/v2\/pages\/10343\/revisions\/10445"}],"wp:attachment":[{"href":"https:\/\/orangetheoryfitnessmexico.com\/es-mx\/wp-json\/wp\/v2\/media?parent=10343"}],"curies":[{"name":"wp","href":"https:\/\/api.w.org\/{rel}","templated":true}]}}